{"id":395,"date":"2025-10-27T09:42:31","date_gmt":"2025-10-27T09:42:31","guid":{"rendered":"https:\/\/teaho.me\/?page_id=395"},"modified":"2025-10-28T08:55:20","modified_gmt":"2025-10-28T08:55:20","slug":"house-rules","status":"publish","type":"page","link":"https:\/\/okuma.space\/hu\/house-rules\/","title":{"rendered":"H\u00e1zirend"},"content":{"rendered":"<div data-elementor-type=\"wp-page\" data-elementor-id=\"395\" class=\"elementor elementor-395\" data-elementor-post-type=\"page\">\n\t\t\t\t\t\t<section class=\"elementor-section elementor-top-section elementor-element elementor-element-ce950c9 elementor-section-boxed elementor-section-height-default elementor-section-height-default\" data-id=\"ce950c9\" data-element_type=\"section\">\n\t\t\t\t\t\t<div class=\"elementor-container elementor-column-gap-default\">\n\t\t\t\t\t<div class=\"elementor-column elementor-col-100 elementor-top-column elementor-element elementor-element-bd3d62c\" data-id=\"bd3d62c\" data-element_type=\"column\">\n\t\t\t<div class=\"elementor-widget-wrap elementor-element-populated\">\n\t\t\t\t\t\t<section class=\"elementor-section elementor-inner-section elementor-element elementor-element-191e3ad elementor-section-boxed elementor-section-height-default elementor-section-height-default\" data-id=\"191e3ad\" data-element_type=\"section\">\n\t\t\t\t\t\t<div class=\"elementor-container elementor-column-gap-default\">\n\t\t\t\t\t<div class=\"elementor-column elementor-col-33 elementor-inner-column elementor-element elementor-element-afb0e41\" data-id=\"afb0e41\" data-element_type=\"column\">\n\t\t\t<div class=\"elementor-widget-wrap elementor-element-populated\">\n\t\t\t\t\t\t<div class=\"elementor-element elementor-element-4067f5e e-transform elementor-widget elementor-widget-image\" data-id=\"4067f5e\" data-element_type=\"widget\" data-settings=\"{&quot;_transform_flipX_effect&quot;:&quot;transform&quot;}\" data-widget_type=\"image.default\">\n\t\t\t\t\t\t\t\t\t\t\t\t\t\t\t<img decoding=\"async\" width=\"381\" height=\"39\" src=\"https:\/\/okuma.space\/wp-content\/uploads\/2025\/10\/line.webp\" class=\"attachment-large size-large wp-image-95\" alt=\"\" srcset=\"https:\/\/okuma.space\/wp-content\/uploads\/2025\/10\/line.webp 381w, https:\/\/okuma.space\/wp-content\/uploads\/2025\/10\/line-300x31.webp 300w\" sizes=\"(max-width: 381px) 100vw, 381px\" \/>\t\t\t\t\t\t\t\t\t\t\t\t\t\t\t<\/div>\n\t\t\t\t<div class=\"elementor-element elementor-element-b64706b elementor-widget elementor-widget-text-editor\" data-id=\"b64706b\" data-element_type=\"widget\" data-widget_type=\"text-editor.default\">\n\t\t\t\t\t<style>.elementor-element-b64706b{display:none !important}<\/style>\t\t\t\t<\/div>\n\t\t\t\t<div class=\"elementor-element elementor-element-7befdb5 elementor-widget elementor-widget-text-editor\" data-id=\"7befdb5\" data-element_type=\"widget\" data-widget_type=\"text-editor.default\">\n\t\t\t\t\t\t\t\t\t<p><strong>H\u00e1zirend<\/strong><\/p><p>A h\u00e1zirend c\u00e9lja, hogy meg\u00f3vja mindannyiunk biztons\u00e1g\u00e1t, k\u00e9nyelm\u00e9t \u00e9s harm\u00f3ni\u00e1j\u00e1t \u2014 vend\u00e9gek\u00e9t, h\u00e1zigazd\u00e1k\u00e9t, csapattagok\u00e9t \u00e9s a k\u00f6z\u00f6ss\u00e9g minden tagj\u00e1\u00e9t.<\/p><p>K\u00e9rj\u00fck, vedd figyelembe ezeket az ir\u00e1nyelveket, amikor ell\u00e1togatsz a teah\u00e1zba.<\/p><p><strong>K\u00e9nyelem \u00e9s Jelenl\u00e9t<\/strong><\/p><p>Viselj olyan ruh\u00e1t, amiben otthon \u00e9rezheted magad.<\/p><p>K\u00e9rj\u00fck, a teah\u00e1zba <strong>cip\u0151 n\u00e9lk\u00fcl<\/strong> l\u00e9pj be \u2014 ha szeretn\u00e9d, hozhatsz zoknit.<\/p><p>Minden l\u00e1togat\u00e1s m\u00e1s \u2014 egy megh\u00edv\u00e1s arra, hogy elv\u00e1r\u00e1sok n\u00e9lk\u00fcl \u00e9rkezz.<\/p><p>Minden este m\u00e1s energi\u00e1t hordoz; amit behozol a t\u00e9rbe, azt kapod vissza.<\/p><p><strong>Tea \u00e9s T\u00e9r<\/strong><\/p><p>Minden foglal\u00e1shoz <strong>tea<\/strong> tartozik.<\/p><p>K\u00e9rj\u00fck, l\u00e9gy figyelmes m\u00e1s vend\u00e9gekkel \u2014 ez egy <strong>nyitott, befogad\u00f3 \u00e9s gener\u00e1ci\u00f3kon \u00e1t\u00edvel\u0151<\/strong><strong> k\u00f6z\u00f6ss\u00e9g<\/strong>, ahol mindenki sz\u00edvesen l\u00e1tott.<\/p><p>A l\u00e1togat\u00e1shoz <strong>el\u0151zetes foglal\u00e1s<\/strong> sz\u00fcks\u00e9ges, amelyet online napt\u00e1runkon kereszt\u00fcl tehetsz meg.<\/p><p><strong>Spont\u00e1n \u00e9rkez\u00e9st sajnos nem tudunk fogadni<\/strong> \u2014 el\u0151zetes foglal\u00e1s n\u00e9lk\u00fcl nem tudunk beengedni.<\/p><p>K\u00e9rj\u00fck, vedd figyelembe, hogy <strong>lemond\u00e1si szab\u00e1lyzatunk szigor\u00fa<\/strong> \u2014 visszat\u00e9r\u00edt\u00e9sre vagy cser\u00e9re nincs lehet\u0151s\u00e9g.<\/p>\t\t\t\t\t\t\t\t<\/div>\n\t\t\t\t\t<\/div>\n\t\t<\/div>\n\t\t\t\t<div class=\"elementor-column elementor-col-33 elementor-inner-column elementor-element elementor-element-b0ff608\" data-id=\"b0ff608\" data-element_type=\"column\">\n\t\t\t<div class=\"elementor-widget-wrap elementor-element-populated\">\n\t\t\t\t\t\t<div class=\"elementor-element elementor-element-614bf70 elementor-widget elementor-widget-heading\" data-id=\"614bf70\" data-element_type=\"widget\" data-widget_type=\"heading.default\">\n\t\t\t\t\t<h2 class=\"elementor-heading-title elementor-size-default\">H\u00e1zirend<\/h2>\t\t\t\t<\/div>\n\t\t\t\t<div class=\"elementor-element elementor-element-a7c3672 elementor-widget elementor-widget-text-editor\" data-id=\"a7c3672\" data-element_type=\"widget\" data-widget_type=\"text-editor.default\">\n\t\t\t\t\t<style>.elementor-element-a7c3672{display:none !important}<\/style>\t\t\t\t<\/div>\n\t\t\t\t<div class=\"elementor-element elementor-element-82556f2 elementor-widget elementor-widget-text-editor\" data-id=\"82556f2\" data-element_type=\"widget\" data-widget_type=\"text-editor.default\">\n\t\t\t\t\t\t\t\t\t<p><strong>Tisztelet a T\u00e9r ir\u00e1nt<\/strong><\/p><p>A teah\u00e1zban minden t\u00e1rgy \u2014 a cs\u00e9sz\u00e9kt\u0151l a gyerty\u00e1kig \u2014 szeretettel lett kiv\u00e1lasztva.<\/p><p>K\u00e9rj\u00fck, \u00e9lvezd \u0151ket itt, de <strong>ne vidd magaddal<\/strong>.<\/p><p>K\u00e9rj\u00fck, <strong>ne hozz be \u00e9telt<\/strong> a teah\u00e1zba.<\/p><p>Fenntartjuk a jogot, hogy megk\u00e9rj\u00fck a vend\u00e9get a t\u00e1voz\u00e1sra, ha nem tartja be a fenti szab\u00e1lyokat,<\/p><p>vagy tiszteletlen\u00fcl viselkedik a t\u00e9r, a csapat vagy m\u00e1s vend\u00e9gek ir\u00e1nt.<br \/><br \/>Ha b\u00e1rmilyen k\u00e9rd\u00e9sed van, fordulj hozz\u00e1nk bizalommal \u2014 \u00f6r\u00f6mmel seg\u00edt\u00fcnk.<\/p>\t\t\t\t\t\t\t\t<\/div>\n\t\t\t\t\t<\/div>\n\t\t<\/div>\n\t\t\t\t<div class=\"elementor-column elementor-col-33 elementor-inner-column elementor-element elementor-element-d5c0e02\" data-id=\"d5c0e02\" data-element_type=\"column\">\n\t\t\t<div class=\"elementor-widget-wrap elementor-element-populated\">\n\t\t\t\t\t\t<div class=\"elementor-element elementor-element-27d964a elementor-widget elementor-widget-image\" data-id=\"27d964a\" data-element_type=\"widget\" data-widget_type=\"image.default\">\n\t\t\t\t\t\t\t\t\t\t\t\t\t\t\t<img fetchpriority=\"high\" decoding=\"async\" width=\"982\" height=\"1000\" src=\"https:\/\/okuma.space\/wp-content\/uploads\/2025\/10\/Watercolor-8-2.webp\" class=\"attachment-full size-full wp-image-155\" alt=\"\" srcset=\"https:\/\/okuma.space\/wp-content\/uploads\/2025\/10\/Watercolor-8-2.webp 982w, https:\/\/okuma.space\/wp-content\/uploads\/2025\/10\/Watercolor-8-2-600x611.png 600w, https:\/\/okuma.space\/wp-content\/uploads\/2025\/10\/Watercolor-8-2-295x300.webp 295w, https:\/\/okuma.space\/wp-content\/uploads\/2025\/10\/Watercolor-8-2-768x782.png 768w\" sizes=\"(max-width: 982px) 100vw, 982px\" \/>\t\t\t\t\t\t\t\t\t\t\t\t\t\t\t<\/div>\n\t\t\t\t\t<\/div>\n\t\t<\/div>\n\t\t\t\t\t<\/div>\n\t\t<\/section>\n\t\t\t\t\t<\/div>\n\t\t<\/div>\n\t\t\t\t\t<\/div>\n\t\t<\/section>\n\t\t\t\t<\/div>","protected":false},"excerpt":{"rendered":"<p>House Guidelines Our house guidelines are here to protect the wellbeing, comfort, and respect of everyone who shares this space \u2014 guests, hosts, team, and community alike. We kindly ask [&hellip;]<\/p>","protected":false},"author":2,"featured_media":0,"parent":0,"menu_order":0,"comment_status":"closed","ping_status":"closed","template":"elementor_header_footer","meta":{"_price":"","_stock":"","_tribe_ticket_header":"","_tribe_default_ticket_provider":"","_ticket_start_date":"","_ticket_end_date":"","_tribe_ticket_show_description":"","_tribe_ticket_show_not_going":false,"_tribe_ticket_use_global_stock":"","_tribe_ticket_global_stock_level":"","_global_stock_mode":"","_global_stock_cap":"","_tribe_rsvp_for_event":"","_tribe_ticket_going_count":"","_tribe_ticket_not_going_count":"","_tribe_tickets_list":"[]","_tribe_ticket_has_attendee_info_fields":false,"footnotes":"","_tec_slr_enabled":"","_tec_slr_layout":"","_links_to":"","_links_to_target":""},"class_list":["post-395","page","type-page","status-publish","hentry"],"jetpack_sharing_enabled":true,"ticketed":false,"_links":{"self":[{"href":"https:\/\/okuma.space\/hu\/wp-json\/wp\/v2\/pages\/395","targetHints":{"allow":["GET"]}}],"collection":[{"href":"https:\/\/okuma.space\/hu\/wp-json\/wp\/v2\/pages"}],"about":[{"href":"https:\/\/okuma.space\/hu\/wp-json\/wp\/v2\/types\/page"}],"author":[{"embeddable":true,"href":"https:\/\/okuma.space\/hu\/wp-json\/wp\/v2\/users\/2"}],"replies":[{"embeddable":true,"href":"https:\/\/okuma.space\/hu\/wp-json\/wp\/v2\/comments?post=395"}],"version-history":[{"count":0,"href":"https:\/\/okuma.space\/hu\/wp-json\/wp\/v2\/pages\/395\/revisions"}],"wp:attachment":[{"href":"https:\/\/okuma.space\/hu\/wp-json\/wp\/v2\/media?parent=395"}],"curies":[{"name":"wp","href":"https:\/\/api.w.org\/{rel}","templated":true}]}}