{"id":2736,"date":"2026-04-27T13:46:48","date_gmt":"2026-04-27T11:46:48","guid":{"rendered":"https:\/\/okuma.space\/gift-card\/"},"modified":"2026-04-27T13:46:48","modified_gmt":"2026-04-27T11:46:48","slug":"gift-card","status":"publish","type":"page","link":"https:\/\/okuma.space\/hu\/gift-card\/","title":{"rendered":"Gift Card"},"content":{"rendered":"<div class=\"woocommerce columns-4\"><ul class=\"products columns-4\">\n<li class=\"product type-product post-2746 status-publish first instock product_cat-wps_wgm_giftcard has-post-thumbnail shipping-taxable purchasable product-type-variable\">\n\t<a href=\"https:\/\/okuma.space\/hu\/termek\/gift-card\/\" class=\"woocommerce-LoopProduct-link woocommerce-loop-product__link\"><img fetchpriority=\"high\" decoding=\"async\" width=\"300\" height=\"300\" src=\"https:\/\/okuma.space\/wp-content\/uploads\/2026\/04\/voucher-300x300.jpg\" class=\"attachment-woocommerce_thumbnail size-woocommerce_thumbnail\" alt=\"Gift Card\" srcset=\"https:\/\/okuma.space\/wp-content\/uploads\/2026\/04\/voucher-300x300.jpg 300w, https:\/\/okuma.space\/wp-content\/uploads\/2026\/04\/voucher-150x150.jpg 150w, https:\/\/okuma.space\/wp-content\/uploads\/2026\/04\/voucher-768x768.jpg 768w, https:\/\/okuma.space\/wp-content\/uploads\/2026\/04\/voucher-12x12.jpg 12w, https:\/\/okuma.space\/wp-content\/uploads\/2026\/04\/voucher-600x600.jpg 600w, https:\/\/okuma.space\/wp-content\/uploads\/2026\/04\/voucher-100x100.jpg 100w, https:\/\/okuma.space\/wp-content\/uploads\/2026\/04\/voucher.jpg 900w\" sizes=\"(max-width: 300px) 100vw, 300px\" \/><h2 class=\"woocommerce-loop-product__title\">Gift Card<\/h2>\n\t<span class=\"price\"><span class=\"woocommerce-Price-amount amount\" aria-hidden=\"true\"><bdi>10 000,00&nbsp;<span class=\"woocommerce-Price-currencySymbol\">&#70;&#116;<\/span><\/bdi><\/span> <span aria-hidden=\"true\">&ndash;<\/span> <span class=\"woocommerce-Price-amount amount\" aria-hidden=\"true\"><bdi>13 000,00&nbsp;<span class=\"woocommerce-Price-currencySymbol\">&#70;&#116;<\/span><\/bdi><\/span><span class=\"screen-reader-text\" data-no-translation=\"\" data-trp-gettext=\"\">\u00c1rtartom\u00e1ny: 10 000,00&nbsp;&#70;&#116; - 13 000,00&nbsp;&#70;&#116;<\/span><\/span>\n<\/a><a href=\"https:\/\/okuma.space\/hu\/termek\/gift-card\/\" aria-describedby=\"woocommerce_loop_add_to_cart_link_describedby_2746\" data-quantity=\"1\" class=\"button product_type_variable add_to_cart_button\" data-product_id=\"2746\" data-product_sku=\"\" aria-label=\"V\u00e1lasszunk \u201cGift Card\u201d lehet\u0151s\u00e9gek k\u00f6z\u00fcl\" rel=\"nofollow\" data-no-translation=\"\" data-trp-gettext=\"\" data-no-translation-aria-label=\"\">Opci\u00f3k v\u00e1laszt\u00e1sa<\/a>\t<span id=\"woocommerce_loop_add_to_cart_link_describedby_2746\" class=\"screen-reader-text\">\n\t\tEnnek a term\u00e9knek t\u00f6bb vari\u00e1ci\u00f3ja van. A v\u00e1ltozatok a term\u00e9koldalon v\u00e1laszthat\u00f3k ki\t<\/span>\n<\/li>\n<\/ul>\n<\/div>","protected":false},"excerpt":{"rendered":"","protected":false},"author":5,"featured_media":0,"parent":0,"menu_order":0,"comment_status":"closed","ping_status":"closed","template":"","meta":{"_price":"","_stock":"","_tribe_ticket_header":"","_tribe_default_ticket_provider":"","_ticket_start_date":"","_ticket_end_date":"","_tribe_ticket_show_description":"","_tribe_ticket_show_not_going":false,"_tribe_ticket_use_global_stock":"","_tribe_ticket_global_stock_level":"","_global_stock_mode":"","_global_stock_cap":"","_tribe_rsvp_for_event":"","_tribe_ticket_going_count":"","_tribe_ticket_not_going_count":"","_tribe_tickets_list":"[]","_tribe_ticket_has_attendee_info_fields":false,"footnotes":"","_tec_slr_enabled":"","_tec_slr_layout":"","_links_to":"","_links_to_target":""},"class_list":["post-2736","page","type-page","status-publish","hentry"],"jetpack_sharing_enabled":true,"ticketed":false,"_links":{"self":[{"href":"https:\/\/okuma.space\/hu\/wp-json\/wp\/v2\/pages\/2736","targetHints":{"allow":["GET"]}}],"collection":[{"href":"https:\/\/okuma.space\/hu\/wp-json\/wp\/v2\/pages"}],"about":[{"href":"https:\/\/okuma.space\/hu\/wp-json\/wp\/v2\/types\/page"}],"author":[{"embeddable":true,"href":"https:\/\/okuma.space\/hu\/wp-json\/wp\/v2\/users\/5"}],"replies":[{"embeddable":true,"href":"https:\/\/okuma.space\/hu\/wp-json\/wp\/v2\/comments?post=2736"}],"version-history":[{"count":0,"href":"https:\/\/okuma.space\/hu\/wp-json\/wp\/v2\/pages\/2736\/revisions"}],"wp:attachment":[{"href":"https:\/\/okuma.space\/hu\/wp-json\/wp\/v2\/media?parent=2736"}],"curies":[{"name":"wp","href":"https:\/\/api.w.org\/{rel}","templated":true}]}}