{"id":2052,"date":"2026-02-16T03:20:46","date_gmt":"2026-02-16T02:20:46","guid":{"rendered":"https:\/\/okuma.space\/?page_id=2052"},"modified":"2026-03-14T19:31:20","modified_gmt":"2026-03-14T18:31:20","slug":"menu","status":"publish","type":"page","link":"https:\/\/okuma.space\/hu\/menu\/","title":{"rendered":"Menu"},"content":{"rendered":"<div data-elementor-type=\"wp-page\" data-elementor-id=\"2052\" class=\"elementor elementor-2052\" data-elementor-post-type=\"page\">\n\t\t\t\t\t\t<section class=\"elementor-section elementor-top-section elementor-element elementor-element-59ba67c elementor-section-boxed elementor-section-height-default elementor-section-height-default\" data-id=\"59ba67c\" data-element_type=\"section\">\n\t\t\t\t\t\t<div class=\"elementor-container elementor-column-gap-default\">\n\t\t\t\t\t<div class=\"elementor-column elementor-col-100 elementor-top-column elementor-element elementor-element-7269be1\" data-id=\"7269be1\" data-element_type=\"column\">\n\t\t\t<div class=\"elementor-widget-wrap elementor-element-populated\">\n\t\t\t\t\t\t<div class=\"elementor-element elementor-element-eae115e elementor-widget elementor-widget-spacer\" data-id=\"eae115e\" data-element_type=\"widget\" data-widget_type=\"spacer.default\">\n\t\t\t\t\t\t\t<div class=\"elementor-spacer\">\n\t\t\t<div class=\"elementor-spacer-inner\"><\/div>\n\t\t<\/div>\n\t\t\t\t\t\t<\/div>\n\t\t\t\t<div class=\"elementor-element elementor-element-b0c57c8 elementor-widget elementor-widget-heading\" data-id=\"b0c57c8\" data-element_type=\"widget\" data-no-translation=\"\" data-widget_type=\"heading.default\">\n\t\t\t\t\t<style>.elementor-element-b0c57c8{display:none !important}<\/style>\t\t\t\t<\/div>\n\t\t\t\t<div class=\"elementor-element elementor-element-835c7c6 elementor-widget elementor-widget-text-editor\" data-id=\"835c7c6\" data-element_type=\"widget\" data-no-translation=\"\" data-widget_type=\"text-editor.default\">\n\t\t\t\t\t<style>.elementor-element-835c7c6{display:none !important}<\/style>\t\t\t\t<\/div>\n\t\t\t\t<div class=\"elementor-element elementor-element-04d233e elementor-widget elementor-widget-heading\" data-id=\"04d233e\" data-element_type=\"widget\" data-no-translation=\"\" data-widget_type=\"heading.default\">\n\t\t\t\t\t<h2 class=\"elementor-heading-title elementor-size-default\"><p style=\"font-weight: 400;white-space: normal\"><span><\/span><\/p><p style=\"font-weight: 400;white-space: normal\"><span><\/span><\/p><span style=\"white-space: normal\"><b>Tea Utaz\u00e1sok<\/b><\/span><\/h2>\t\t\t\t<\/div>\n\t\t\t\t<div class=\"elementor-element elementor-element-d4620ee elementor-widget elementor-widget-text-editor\" data-id=\"d4620ee\" data-element_type=\"widget\" data-no-translation=\"\" data-widget_type=\"text-editor.default\">\n\t\t\t\t\t\t\t\t\t<p class=\"p1\">Egy gondosan \u00f6ssze\u00e1ll\u00edtott k\u00f3stol\u00f3\u00fat h\u00e1rom te\u00e1n kereszt\u00fcl \u2014 hogy lelass\u00edtsa az id\u0151t, \u00e9s finoman \u00e1thangolja a hangulat\u00e1t.<\/p><p class=\"p1\">V\u00e1lasszon egy utaz\u00e1st, mi pedig v\u00e9gigvezetj\u00fck az \u00e9lm\u00e9nyen.<\/p>\t\t\t\t\t\t\t\t<\/div>\n\t\t\t\t<div class=\"elementor-element elementor-element-d8b7259 elementor-widget elementor-widget-image\" data-id=\"d8b7259\" data-element_type=\"widget\" data-widget_type=\"image.default\">\n\t\t\t\t\t\t\t\t\t\t\t\t\t\t\t\t<a href=\"https:\/\/okuma.space\/wp-content\/uploads\/2026\/03\/menu.jpg\" data-elementor-open-lightbox=\"yes\" data-elementor-lightbox-title=\"menu\" data-e-action-hash=\"#elementor-action%3Aaction%3Dlightbox%26settings%3DeyJpZCI6MjI3MiwidXJsIjoiaHR0cHM6XC9cL29rdW1hLnNwYWNlXC93cC1jb250ZW50XC91cGxvYWRzXC8yMDI2XC8wM1wvbWVudS5qcGcifQ%3D%3D\">\n\t\t\t\t\t\t\t<img fetchpriority=\"high\" decoding=\"async\" width=\"724\" height=\"1024\" src=\"https:\/\/okuma.space\/wp-content\/uploads\/2026\/03\/menu-724x1024.jpg\" class=\"attachment-large size-large wp-image-2272\" alt=\"\" srcset=\"https:\/\/okuma.space\/wp-content\/uploads\/2026\/03\/menu-724x1024.jpg 724w, https:\/\/okuma.space\/wp-content\/uploads\/2026\/03\/menu-212x300.jpg 212w, https:\/\/okuma.space\/wp-content\/uploads\/2026\/03\/menu-768x1086.jpg 768w, https:\/\/okuma.space\/wp-content\/uploads\/2026\/03\/menu-1086x1536.jpg 1086w, https:\/\/okuma.space\/wp-content\/uploads\/2026\/03\/menu-8x12.jpg 8w, https:\/\/okuma.space\/wp-content\/uploads\/2026\/03\/menu-600x849.jpg 600w, https:\/\/okuma.space\/wp-content\/uploads\/2026\/03\/menu.jpg 1414w\" sizes=\"(max-width: 724px) 100vw, 724px\" \/>\t\t\t\t\t\t\t\t<\/a>\n\t\t\t\t\t\t\t\t\t\t\t\t\t\t\t<\/div>\n\t\t\t\t\t<\/div>\n\t\t<\/div>\n\t\t\t\t\t<\/div>\n\t\t<\/section>\n\t\t\t\t<section class=\"elementor-section elementor-top-section elementor-element elementor-element-da52c93 elementor-section-boxed elementor-section-height-default elementor-section-height-default\" data-id=\"da52c93\" data-element_type=\"section\">\n\t\t\t\t\t\t<div class=\"elementor-container elementor-column-gap-default\">\n\t\t\t\t\t<div class=\"elementor-column elementor-col-100 elementor-top-column elementor-element elementor-element-e3e259f\" data-id=\"e3e259f\" data-element_type=\"column\">\n\t\t\t<div class=\"elementor-widget-wrap elementor-element-populated\">\n\t\t\t\t\t\t<div class=\"elementor-element elementor-element-4e78f82 elementor-widget-divider--view-line elementor-widget elementor-widget-divider\" data-id=\"4e78f82\" data-element_type=\"widget\" data-widget_type=\"divider.default\">\n\t\t\t\t\t\t\t<div class=\"elementor-divider\">\n\t\t\t<span class=\"elementor-divider-separator\">\n\t\t\t\t\t\t<\/span>\n\t\t<\/div>\n\t\t\t\t\t\t<\/div>\n\t\t\t\t<div class=\"elementor-element elementor-element-4619ae0 elementor-widget elementor-widget-heading\" data-id=\"4619ae0\" data-element_type=\"widget\" data-no-translation=\"\" data-widget_type=\"heading.default\">\n\t\t\t\t\t<style>.elementor-element-4619ae0{display:none !important}<\/style>\t\t\t\t<\/div>\n\t\t\t\t<div class=\"elementor-element elementor-element-467a72e elementor-widget elementor-widget-text-editor\" data-id=\"467a72e\" data-element_type=\"widget\" data-no-translation=\"\" data-widget_type=\"text-editor.default\">\n\t\t\t\t\t<style>.elementor-element-467a72e{display:none !important}<\/style>\t\t\t\t<\/div>\n\t\t\t\t<div class=\"elementor-element elementor-element-f9e331f elementor-widget elementor-widget-heading\" data-id=\"f9e331f\" data-element_type=\"widget\" data-no-translation=\"\" data-widget_type=\"heading.default\">\n\t\t\t\t\t<h2 class=\"elementor-heading-title elementor-size-default\"><b style=\"white-space: normal;font-size: 2rem\">\u00c0 la Carte Te\u00e1k<\/b><\/h2>\t\t\t\t<\/div>\n\t\t\t\t<div class=\"elementor-element elementor-element-bea2e25 elementor-widget elementor-widget-text-editor\" data-id=\"bea2e25\" data-element_type=\"widget\" data-no-translation=\"\" data-widget_type=\"text-editor.default\">\n\t\t\t\t\t\t\t\t\t<p class=\"p1\"><strong>Fedezze fel teak\u00edn\u00e1latunkat \u2014 ritka k\u00fcl\u00f6nlegess\u00e9gek, id\u0151t\u00e1ll\u00f3 klasszikusok \u00e9s nyugtat\u00f3 mindennapi kedvencek.<\/strong><\/p><p class=\"p1\">V\u00e1lasszon b\u00e1rmelyik te\u00e1nkb\u00f3l, \u00e9s \u00e9lvezze a saj\u00e1t temp\u00f3j\u00e1ban.<\/p><p class=\"p1\"><i>Friss\u00edtve: 2026. febru\u00e1r<\/i><\/p>\t\t\t\t\t\t\t\t<\/div>\n\t\t\t\t<div class=\"elementor-element elementor-element-805b520 elementor-widget elementor-widget-image\" data-id=\"805b520\" data-element_type=\"widget\" data-widget_type=\"image.default\">\n\t\t\t\t\t\t\t\t\t\t\t\t\t\t\t\t<a href=\"https:\/\/okuma.space\/wp-content\/uploads\/2026\/02\/1-2.webp\" data-elementor-open-lightbox=\"yes\" data-elementor-lightbox-title=\"Tea menu - Teahom Budapest\" data-e-action-hash=\"#elementor-action%3Aaction%3Dlightbox%26settings%3DeyJpZCI6MjA1NywidXJsIjoiaHR0cHM6XC9cL29rdW1hLnNwYWNlXC93cC1jb250ZW50XC91cGxvYWRzXC8yMDI2XC8wMlwvMS0yLndlYnAifQ%3D%3D\">\n\t\t\t\t\t\t\t<img decoding=\"async\" width=\"724\" height=\"1024\" src=\"https:\/\/okuma.space\/wp-content\/uploads\/2026\/02\/1-2-724x1024.webp\" class=\"attachment-large size-large wp-image-2057\" alt=\"Tea menu - Teahom Budapest\" srcset=\"https:\/\/okuma.space\/wp-content\/uploads\/2026\/02\/1-2-724x1024.webp 724w, https:\/\/okuma.space\/wp-content\/uploads\/2026\/02\/1-2-212x300.webp 212w, https:\/\/okuma.space\/wp-content\/uploads\/2026\/02\/1-2-768x1086.webp 768w, https:\/\/okuma.space\/wp-content\/uploads\/2026\/02\/1-2-1086x1536.webp 1086w, https:\/\/okuma.space\/wp-content\/uploads\/2026\/02\/1-2-8x12.webp 8w, https:\/\/okuma.space\/wp-content\/uploads\/2026\/02\/1-2-600x849.webp 600w, https:\/\/okuma.space\/wp-content\/uploads\/2026\/02\/1-2.webp 1414w\" sizes=\"(max-width: 724px) 100vw, 724px\" \/>\t\t\t\t\t\t\t\t<\/a>\n\t\t\t\t\t\t\t\t\t\t\t\t\t\t\t<\/div>\n\t\t\t\t\t<\/div>\n\t\t<\/div>\n\t\t\t\t\t<\/div>\n\t\t<\/section>\n\t\t\t\t<\/div>","protected":false},"excerpt":{"rendered":"<p>Tea journeys A curated tasting path through three teas \u2014 designed to shift your mood and slow time. Pick a journey, and we\u2019ll guide you through the experience. Egy gondosan [&hellip;]<\/p>","protected":false},"author":2,"featured_media":0,"parent":0,"menu_order":0,"comment_status":"closed","ping_status":"closed","template":"","meta":{"_price":"","_stock":"","_tribe_ticket_header":"","_tribe_default_ticket_provider":"","_ticket_start_date":"","_ticket_end_date":"","_tribe_ticket_show_description":"","_tribe_ticket_show_not_going":false,"_tribe_ticket_use_global_stock":"","_tribe_ticket_global_stock_level":"","_global_stock_mode":"","_global_stock_cap":"","_tribe_rsvp_for_event":"","_tribe_ticket_going_count":"","_tribe_ticket_not_going_count":"","_tribe_tickets_list":"[]","_tribe_ticket_has_attendee_info_fields":false,"footnotes":"","_tec_slr_enabled":"","_tec_slr_layout":"","_links_to":"","_links_to_target":""},"class_list":["post-2052","page","type-page","status-publish","hentry"],"jetpack_sharing_enabled":true,"ticketed":false,"_links":{"self":[{"href":"https:\/\/okuma.space\/hu\/wp-json\/wp\/v2\/pages\/2052","targetHints":{"allow":["GET"]}}],"collection":[{"href":"https:\/\/okuma.space\/hu\/wp-json\/wp\/v2\/pages"}],"about":[{"href":"https:\/\/okuma.space\/hu\/wp-json\/wp\/v2\/types\/page"}],"author":[{"embeddable":true,"href":"https:\/\/okuma.space\/hu\/wp-json\/wp\/v2\/users\/2"}],"replies":[{"embeddable":true,"href":"https:\/\/okuma.space\/hu\/wp-json\/wp\/v2\/comments?post=2052"}],"version-history":[{"count":22,"href":"https:\/\/okuma.space\/hu\/wp-json\/wp\/v2\/pages\/2052\/revisions"}],"predecessor-version":[{"id":2275,"href":"https:\/\/okuma.space\/hu\/wp-json\/wp\/v2\/pages\/2052\/revisions\/2275"}],"wp:attachment":[{"href":"https:\/\/okuma.space\/hu\/wp-json\/wp\/v2\/media?parent=2052"}],"curies":[{"name":"wp","href":"https:\/\/api.w.org\/{rel}","templated":true}]}}