{"id":163,"date":"2025-10-24T11:07:50","date_gmt":"2025-10-24T11:07:50","guid":{"rendered":"https:\/\/teaho.me\/?page_id=163"},"modified":"2026-01-11T06:32:00","modified_gmt":"2026-01-11T05:32:00","slug":"common-qs","status":"publish","type":"page","link":"https:\/\/okuma.space\/hu\/common-qs\/","title":{"rendered":"Common-Qs"},"content":{"rendered":"<div data-elementor-type=\"wp-page\" data-elementor-id=\"163\" class=\"elementor elementor-163\" data-elementor-post-type=\"page\">\n\t\t\t\t\t\t<section class=\"elementor-section elementor-top-section elementor-element elementor-element-cadc419 elementor-section-boxed elementor-section-height-default elementor-section-height-default\" data-id=\"cadc419\" data-element_type=\"section\">\n\t\t\t\t\t\t<div class=\"elementor-container elementor-column-gap-default\">\n\t\t\t\t\t<div class=\"elementor-column elementor-col-100 elementor-top-column elementor-element elementor-element-34a1d65\" data-id=\"34a1d65\" data-element_type=\"column\">\n\t\t\t<div class=\"elementor-widget-wrap elementor-element-populated\">\n\t\t\t\t\t\t<section class=\"elementor-section elementor-inner-section elementor-element elementor-element-177121d elementor-section-boxed elementor-section-height-default elementor-section-height-default\" data-id=\"177121d\" data-element_type=\"section\">\n\t\t\t\t\t\t<div class=\"elementor-container elementor-column-gap-default\">\n\t\t\t\t\t<div class=\"elementor-column elementor-col-50 elementor-inner-column elementor-element elementor-element-8a194d5\" data-id=\"8a194d5\" data-element_type=\"column\">\n\t\t\t<div class=\"elementor-widget-wrap elementor-element-populated\">\n\t\t\t\t\t\t<div class=\"elementor-element elementor-element-ab63ec6 elementor-widget__width-initial e-transform elementor-widget-mobile__width-inherit elementor-widget elementor-widget-image\" data-id=\"ab63ec6\" data-element_type=\"widget\" data-settings=\"{&quot;_transform_flipX_effect&quot;:&quot;transform&quot;}\" data-widget_type=\"image.default\">\n\t\t\t\t\t\t\t\t\t\t\t\t\t\t\t<img decoding=\"async\" width=\"381\" height=\"39\" src=\"https:\/\/okuma.space\/wp-content\/uploads\/2025\/10\/line.webp\" class=\"attachment-large size-large wp-image-95\" alt=\"\" srcset=\"https:\/\/okuma.space\/wp-content\/uploads\/2025\/10\/line.webp 381w, https:\/\/okuma.space\/wp-content\/uploads\/2025\/10\/line-300x31.webp 300w\" sizes=\"(max-width: 381px) 100vw, 381px\" \/>\t\t\t\t\t\t\t\t\t\t\t\t\t\t\t<\/div>\n\t\t\t\t<div class=\"elementor-element elementor-element-1984263 elementor-widget__width-initial elementor-widget-tablet__width-initial elementor-widget-mobile__width-inherit elementor-widget elementor-widget-heading\" data-id=\"1984263\" data-element_type=\"widget\" data-widget_type=\"heading.default\">\n\t\t\t\t\t<h2 class=\"elementor-heading-title elementor-size-default\">Gyakori k\u00e9rd\u00e9sek<\/h2>\t\t\t\t<\/div>\n\t\t\t\t<div class=\"elementor-element elementor-element-961395a elementor-widget elementor-widget-heading\" data-id=\"961395a\" data-element_type=\"widget\" data-widget_type=\"heading.default\">\n\t\t\t\t\t<h2 class=\"elementor-heading-title elementor-size-default\">Hol tal\u00e1lhat\u00f3 a TeaHome? <\/h2>\t\t\t\t<\/div>\n\t\t\t\t<div class=\"elementor-element elementor-element-6da9b04 elementor-widget elementor-widget-text-editor\" data-id=\"6da9b04\" data-element_type=\"widget\" data-widget_type=\"text-editor.default\">\n\t\t\t\t\t<style>.elementor-element-6da9b04{display:none !important}<\/style>\t\t\t\t<\/div>\n\t\t\t\t<div class=\"elementor-element elementor-element-232f00d elementor-widget elementor-widget-text-editor\" data-id=\"232f00d\" data-element_type=\"widget\" data-widget_type=\"text-editor.default\">\n\t\t\t\t\t\t\t\t\t<p>Egy csendes lak\u00f3h\u00e1zban b\u00fajunk meg, Budapest sz\u00edv\u00e9hez k\u00f6zel \u2014<\/p>\n<p><strong>V\u00f6r\u00f6smarty utca 19, VII. ker\u00fclet.<\/strong><\/p>\n<p>A l\u00e1togat\u00e1shoz <strong>el\u0151zetes foglal\u00e1s sz\u00fcks\u00e9ges.<\/strong><\/p>\n<p>A foglal\u00e1s visszaigazol\u00e1sa ut\u00e1n kapsz egy egyedi hivatkoz\u00e1st, amellyel kinyithatod a kaput.<\/p>\n<p>K\u00e9rj\u00fck, <strong>csak akkor nyisd meg a linket, amikor meg\u00e9rkezt\u00e9l az ajt\u00f3hoz<\/strong> \u2014 a kapu automatikusan kiny\u00edlik.<\/p>\n<p>Ha b\u00e1rmilyen probl\u00e9m\u00e1d ad\u00f3dna, <strong>csengethetsz a kapun\u00e1l<\/strong>, vagy h\u00edvj minket a k\u00f6vetkez\u0151 sz\u00e1mon: +36 301254478<\/p>\t\t\t\t\t\t\t\t<\/div>\n\t\t\t\t<div class=\"elementor-element elementor-element-f81428c elementor-widget elementor-widget-heading\" data-id=\"f81428c\" data-element_type=\"widget\" data-widget_type=\"heading.default\">\n\t\t\t\t\t<h2 class=\"elementor-heading-title elementor-size-default\">Fogadtok bejelent\u00e9s n\u00e9lk\u00fcli vend\u00e9geket?<\/h2>\t\t\t\t<\/div>\n\t\t\t\t<div class=\"elementor-element elementor-element-ed43949 elementor-widget elementor-widget-text-editor\" data-id=\"ed43949\" data-element_type=\"widget\" data-widget_type=\"text-editor.default\">\n\t\t\t\t\t\t\t\t\t<p>A teah\u00e1z meghitt jellege miatt minden l\u00e1togat\u00e1shoz el\u0151zetes foglal\u00e1s sz\u00fcks\u00e9ges.<\/p>\t\t\t\t\t\t\t\t<\/div>\n\t\t\t\t<div class=\"elementor-element elementor-element-ab7d2d8 elementor-widget elementor-widget-heading\" data-id=\"ab7d2d8\" data-element_type=\"widget\" data-widget_type=\"heading.default\">\n\t\t\t\t\t<h2 class=\"elementor-heading-title elementor-size-default\">Mi az a DIY te\u00e1s szertart\u00e1s? <\/h2>\t\t\t\t<\/div>\n\t\t\t\t<div class=\"elementor-element elementor-element-d2c684f elementor-widget elementor-widget-text-editor\" data-id=\"d2c684f\" data-element_type=\"widget\" data-widget_type=\"text-editor.default\">\n\t\t\t\t\t\t\t\t\t<p>A DIY te\u00e1s szertart\u00e1s egy \u00f6n\u00e1ll\u00f3, j\u00e1t\u00e9kos \u00e9s jelenl\u00e9tre h\u00edv\u00f3 ritu\u00e1l\u00e9. \nMi mindent biztos\u00edtunk hozz\u00e1 \u2014 kiv\u00e1l\u00f3 min\u0151s\u00e9g\u0171 sz\u00e1las te\u00e1kat, gy\u00f6ny\u00f6r\u0171 te\u00e1s eszk\u00f6z\u00f6ket \u00e9s egyszer\u0171, l\u00e9p\u00e9sr\u0151l l\u00e9p\u00e9sre k\u00f6vethet\u0151 \u00fatmutat\u00f3t \u2014 hogy a saj\u00e1t temp\u00f3dban mer\u00fclhess el a tea vil\u00e1g\u00e1ban. \nCsapatunk el\u0151k\u00e9sz\u00edti az asztalodat, bemutatja az alapokat, \u00e9s gondoskodik r\u00f3la, hogy az \u00e9lm\u00e9ny term\u00e9szetes \u00e9s k\u00f6nnyed legyen. \nAk\u00e1r egyed\u00fcl, ak\u00e1r bar\u00e1tokkal \u00e9rkezel, felfedezheted a tea k\u00e9sz\u00edt\u00e9s\u00e9nek \u00e9s megoszt\u00e1s\u00e1nak csendes \u00f6r\u00f6m\u00e9t \u2014 a saj\u00e1t m\u00f3dodon.<\/p>\t\t\t\t\t\t\t\t<\/div>\n\t\t\t\t<div class=\"elementor-element elementor-element-37d7f95 elementor-widget elementor-widget-heading\" data-id=\"37d7f95\" data-element_type=\"widget\" data-widget_type=\"heading.default\">\n\t\t\t\t\t<h2 class=\"elementor-heading-title elementor-size-default\">Hozhatunk laptopot vagy iPadet? <\/h2>\t\t\t\t<\/div>\n\t\t\t\t<div class=\"elementor-element elementor-element-2a1f92c elementor-widget elementor-widget-text-editor\" data-id=\"2a1f92c\" data-element_type=\"widget\" data-widget_type=\"text-editor.default\">\n\t\t\t\t\t<style>.elementor-element-2a1f92c{display:none !important}<\/style>\t\t\t\t<\/div>\n\t\t\t\t<div class=\"elementor-element elementor-element-fb8d160 elementor-widget elementor-widget-text-editor\" data-id=\"fb8d160\" data-element_type=\"widget\" data-widget_type=\"text-editor.default\">\n\t\t\t\t\t\t\t\t\t<p>Ez a foglal\u00e1s t\u00edpus\u00e1t\u00f3l f\u00fcgg.<\/p><p>A <strong>napk\u00f6zbeni \u00f3r\u00e1kban<\/strong> a laptopok mindig sz\u00edvesen l\u00e1tottak.<\/p><p>Az <strong>esti te\u00e1z\u00e1sok<\/strong> idej\u00e9n viszont arra h\u00edvunk, hogy <strong>kapcsol\u00f3dj le \u00e9s l\u00e9gy teljesen jelen<\/strong> \u2014 k\u00e9rj\u00fck, ilyenkor ne haszn\u00e1lj laptopot.<\/p>\t\t\t\t\t\t\t\t<\/div>\n\t\t\t\t<div class=\"elementor-element elementor-element-7b0ea11 elementor-widget elementor-widget-heading\" data-id=\"7b0ea11\" data-element_type=\"widget\" data-widget_type=\"heading.default\">\n\t\t\t\t\t<h2 class=\"elementor-heading-title elementor-size-default\">J\u00f6hetek egyed\u00fcl is? <\/h2>\t\t\t\t<\/div>\n\t\t\t\t<div class=\"elementor-element elementor-element-06dfea9 elementor-widget elementor-widget-text-editor\" data-id=\"06dfea9\" data-element_type=\"widget\" data-widget_type=\"text-editor.default\">\n\t\t\t\t\t\t\t\t\t<p>Term\u00e9szetesen \u2014 ez a t\u00f6k\u00e9letes hely arra, hogy egyed\u00fcl megpihenj, vagy kellemes besz\u00e9lget\u00e9sekbe kezdj ismeretlenekkel.<\/p>\t\t\t\t\t\t\t\t<\/div>\n\t\t\t\t<div class=\"elementor-element elementor-element-b53564e elementor-widget elementor-widget-heading\" data-id=\"b53564e\" data-element_type=\"widget\" data-widget_type=\"heading.default\">\n\t\t\t\t\t<h2 class=\"elementor-heading-title elementor-size-default\">Hogyan tudok foglalni? <\/h2>\t\t\t\t<\/div>\n\t\t\t\t<div class=\"elementor-element elementor-element-d5081c5 elementor-widget elementor-widget-text-editor\" data-id=\"d5081c5\" data-element_type=\"widget\" data-widget_type=\"text-editor.default\">\n\t\t\t\t\t\t\t\t\t<p>Foglalni egyszer\u0171en tudsz az online rendszer\u00fcnkben \u2014 csak v\u00e1laszd ki az id\u0151pontot, amelyik hozz\u00e1d illik, \u00e9s mi m\u00e1r v\u00e1runk egy cs\u00e9sze te\u00e1val.<\/p>\t\t\t\t\t\t\t\t<\/div>\n\t\t\t\t<div class=\"elementor-element elementor-element-360e44b elementor-widget elementor-widget-heading\" data-id=\"360e44b\" data-element_type=\"widget\" data-widget_type=\"heading.default\">\n\t\t\t\t\t<h2 class=\"elementor-heading-title elementor-size-default\">A foglal\u00e1s szem\u00e9lyenk\u00e9nt vagy csoportonk\u00e9nt \u00e9rtend\u0151?<\/h2>\t\t\t\t<\/div>\n\t\t\t\t<div class=\"elementor-element elementor-element-59247ab elementor-widget elementor-widget-text-editor\" data-id=\"59247ab\" data-element_type=\"widget\" data-widget_type=\"text-editor.default\">\n\t\t\t\t\t\t\t\t\t<p>A foglal\u00e1s szem\u00e9lyenk\u00e9nt t\u00f6rt\u00e9nik.<br \/>Ha bar\u00e1tokkal \u00e9rkezel, k\u00e9rj\u00fck, hogy minden vend\u00e9g rendelkezzen saj\u00e1t foglal\u00e1ssal.<\/p>\t\t\t\t\t\t\t\t<\/div>\n\t\t\t\t<div class=\"elementor-element elementor-element-9f64620 elementor-widget elementor-widget-heading\" data-id=\"9f64620\" data-element_type=\"widget\" data-widget_type=\"heading.default\">\n\t\t\t\t\t<h2 class=\"elementor-heading-title elementor-size-default\">Mit tartalmaz a foglal\u00e1som?<\/h2>\t\t\t\t<\/div>\n\t\t\t\t<div class=\"elementor-element elementor-element-f05e765 elementor-widget elementor-widget-text-editor\" data-id=\"f05e765\" data-element_type=\"widget\" data-widget_type=\"text-editor.default\">\n\t\t\t\t\t<style>.elementor-element-f05e765{display:none !important}<\/style>\t\t\t\t<\/div>\n\t\t\t\t<div class=\"elementor-element elementor-element-9c7d435 elementor-widget elementor-widget-text-editor\" data-id=\"9c7d435\" data-element_type=\"widget\" data-widget_type=\"text-editor.default\">\n\t\t\t\t\t\t\t\t\t<p>Minden foglal\u00e1s tartalmaz egy teljes <strong>DIY te\u00e1s k\u00e9szletet<\/strong>, amelyben te magad v\u00e1laszthatod ki a te\u00e1t \u2014<\/p><p>valamint <strong>alkot\u00f3eszk\u00f6z\u00f6ket, k\u00f6nyveket, l\u00e1gy zen\u00e9t<\/strong> (amikor \u00e9pp zen\u00e9szek j\u00e1tszanak), \u00e9s m\u00e9g sok minden m\u00e1st.<\/p><p>Hozhatsz magaddal egy k\u00f6nyvet is \u2014 \u00fclj le, \u00e9s engedd, hogy a nyugalom \u00e1tj\u00e1rjon.<\/p>\t\t\t\t\t\t\t\t<\/div>\n\t\t\t\t\t<\/div>\n\t\t<\/div>\n\t\t\t\t<div class=\"elementor-column elementor-col-50 elementor-inner-column elementor-element elementor-element-1c520f3\" data-id=\"1c520f3\" data-element_type=\"column\">\n\t\t\t<div class=\"elementor-widget-wrap elementor-element-populated\">\n\t\t\t\t\t\t<div class=\"elementor-element elementor-element-19a8333 elementor-widget__width-inherit elementor-widget elementor-widget-image\" data-id=\"19a8333\" data-element_type=\"widget\" data-widget_type=\"image.default\">\n\t\t\t\t\t\t\t\t\t\t\t\t\t\t\t<img fetchpriority=\"high\" decoding=\"async\" width=\"994\" height=\"1000\" src=\"https:\/\/okuma.space\/wp-content\/uploads\/2025\/10\/Watercolor-3-2-1.webp\" class=\"attachment-full size-full wp-image-172\" alt=\"\" srcset=\"https:\/\/okuma.space\/wp-content\/uploads\/2025\/10\/Watercolor-3-2-1.webp 994w, https:\/\/okuma.space\/wp-content\/uploads\/2025\/10\/Watercolor-3-2-1-100x100.webp 100w, https:\/\/okuma.space\/wp-content\/uploads\/2025\/10\/Watercolor-3-2-1-600x604.png 600w\" sizes=\"(max-width: 994px) 100vw, 994px\" \/>\t\t\t\t\t\t\t\t\t\t\t\t\t\t\t<\/div>\n\t\t\t\t\t<\/div>\n\t\t<\/div>\n\t\t\t\t\t<\/div>\n\t\t<\/section>\n\t\t\t\t\t<\/div>\n\t\t<\/div>\n\t\t\t\t\t<\/div>\n\t\t<\/section>\n\t\t\t\t<\/div>","protected":false},"excerpt":{"rendered":"<p>Common Questions Where are you located? We\u2019re tucked away inside a quiet residential building near the heart of Budapest \u2014 V\u00f6r\u00f6smarty utca 19, 7th District. All visits require a booking. [&hellip;]<\/p>","protected":false},"author":2,"featured_media":0,"parent":0,"menu_order":0,"comment_status":"closed","ping_status":"closed","template":"elementor_header_footer","meta":{"_price":"","_stock":"","_tribe_ticket_header":"","_tribe_default_ticket_provider":"","_ticket_start_date":"","_ticket_end_date":"","_tribe_ticket_show_description":"","_tribe_ticket_show_not_going":false,"_tribe_ticket_use_global_stock":"","_tribe_ticket_global_stock_level":"","_global_stock_mode":"","_global_stock_cap":"","_tribe_rsvp_for_event":"","_tribe_ticket_going_count":"","_tribe_ticket_not_going_count":"","_tribe_tickets_list":"[]","_tribe_ticket_has_attendee_info_fields":false,"footnotes":"","_tec_slr_enabled":"","_tec_slr_layout":"","_links_to":"","_links_to_target":""},"class_list":["post-163","page","type-page","status-publish","hentry"],"jetpack_sharing_enabled":true,"ticketed":false,"_links":{"self":[{"href":"https:\/\/okuma.space\/hu\/wp-json\/wp\/v2\/pages\/163","targetHints":{"allow":["GET"]}}],"collection":[{"href":"https:\/\/okuma.space\/hu\/wp-json\/wp\/v2\/pages"}],"about":[{"href":"https:\/\/okuma.space\/hu\/wp-json\/wp\/v2\/types\/page"}],"author":[{"embeddable":true,"href":"https:\/\/okuma.space\/hu\/wp-json\/wp\/v2\/users\/2"}],"replies":[{"embeddable":true,"href":"https:\/\/okuma.space\/hu\/wp-json\/wp\/v2\/comments?post=163"}],"version-history":[{"count":0,"href":"https:\/\/okuma.space\/hu\/wp-json\/wp\/v2\/pages\/163\/revisions"}],"wp:attachment":[{"href":"https:\/\/okuma.space\/hu\/wp-json\/wp\/v2\/media?parent=163"}],"curies":[{"name":"wp","href":"https:\/\/api.w.org\/{rel}","templated":true}]}}