{"id":150,"date":"2025-10-24T10:54:41","date_gmt":"2025-10-24T10:54:41","guid":{"rendered":"https:\/\/teaho.me\/?page_id=150"},"modified":"2026-03-05T12:08:06","modified_gmt":"2026-03-05T11:08:06","slug":"about","status":"publish","type":"page","link":"https:\/\/okuma.space\/hu\/about\/","title":{"rendered":"About"},"content":{"rendered":"<div data-elementor-type=\"wp-page\" data-elementor-id=\"150\" class=\"elementor elementor-150\" data-elementor-post-type=\"page\">\n\t\t\t\t\t\t<section class=\"elementor-section elementor-top-section elementor-element elementor-element-3917465 elementor-section-boxed elementor-section-height-default elementor-section-height-default\" data-id=\"3917465\" data-element_type=\"section\">\n\t\t\t\t\t\t<div class=\"elementor-container elementor-column-gap-default\">\n\t\t\t\t\t<div class=\"elementor-column elementor-col-100 elementor-top-column elementor-element elementor-element-d76b881\" data-id=\"d76b881\" data-element_type=\"column\">\n\t\t\t<div class=\"elementor-widget-wrap elementor-element-populated\">\n\t\t\t\t\t\t<div class=\"elementor-element elementor-element-77e4b45 elementor-widget elementor-widget-heading\" data-id=\"77e4b45\" data-element_type=\"widget\" data-widget_type=\"heading.default\">\n\t\t\t\t\t<h2 class=\"elementor-heading-title elementor-size-default\"><p style=\"font-weight: 400;white-space: normal\"><span><\/span><\/p><span style=\"white-space: normal\"><b>About Okuma<\/b><\/span><\/h2>\t\t\t\t<\/div>\n\t\t\t\t\t<\/div>\n\t\t<\/div>\n\t\t\t\t\t<\/div>\n\t\t<\/section>\n\t\t\t\t<section class=\"elementor-section elementor-top-section elementor-element elementor-element-fb10d4d elementor-section-boxed elementor-section-height-default elementor-section-height-default\" data-id=\"fb10d4d\" data-element_type=\"section\">\n\t\t\t\t\t\t<div class=\"elementor-container elementor-column-gap-default\">\n\t\t\t\t\t<div class=\"elementor-column elementor-col-100 elementor-top-column elementor-element elementor-element-feed99f\" data-id=\"feed99f\" data-element_type=\"column\">\n\t\t\t<div class=\"elementor-widget-wrap elementor-element-populated\">\n\t\t\t\t\t\t<div class=\"elementor-element elementor-element-9ebc1be elementor-widget elementor-widget-text-editor\" data-id=\"9ebc1be\" data-element_type=\"widget\" data-no-translation=\"\" data-widget_type=\"text-editor.default\">\n\t\t\t\t\t<style>.elementor-element-9ebc1be{display:none !important}<\/style>\t\t\t\t<\/div>\n\t\t\t\t<div class=\"elementor-element elementor-element-82586ef elementor-widget elementor-widget-text-editor\" data-id=\"82586ef\" data-element_type=\"widget\" data-no-translation=\"\" data-widget_type=\"text-editor.default\">\n\t\t\t\t\t\t\t\t\t<p class=\"p1\">Az <span class=\"s1\"><b>Okuma<\/b><\/span> egy csendes te\u00e1z\u00f3 Budapesten \u2014 egy hely, amelyet az\u00e9rt hoztunk l\u00e9tre, hogy lelassulj, te\u00e1t ossz meg m\u00e1sokkal, \u00e9s nyugodt pillanatokat t\u00f6lts el.<\/p><p class=\"p1\">Az <span class=\"s1\"><b>Okuma<\/b><\/span> n\u00e9v k\u00e9t jap\u00e1n fogalomb\u00f3l sz\u00e1rmazik, amelyek inspir\u00e1lt\u00e1k a t\u00e9r hangulat\u00e1t.<\/p><p class=\"p1\">Az <span class=\"s1\"><b>Oku (\u5965)<\/b><\/span> a m\u00e9lys\u00e9get jelenti \u2014 valami olyat, ami kiss\u00e9 elrejtve van, t\u00e1volabb a k\u00fclvil\u00e1g zaj\u00e1t\u00f3l. Egy hely, amelyet felfedezel, ahogy beljebb haladsz.<\/p><p class=\"p1\">A <span class=\"s1\"><b>Ma (\u9593)<\/b><\/span> a dolgok k\u00f6z\u00f6tti teret jelenti \u2014 egy sz\u00fcnetet, egy nyugodt pillanatot, a csendet, amely lehet\u0151v\u00e9 teszi, hogy egy \u00e9lm\u00e9ny kibontakozzon.<\/p><p class=\"p1\">Egy\u00fctt az <span class=\"s1\"><b>Okuma<\/b><\/span> azt fejezi ki, amit ez a t\u00e9r k\u00edn\u00e1l:<\/p><p class=\"p1\">egy rejtett helyet, ahol az id\u0151 lelassul, a besz\u00e9lget\u00e9sek term\u00e9szetesen folynak, \u00e9s a tea egy egyszer\u0171, m\u00e9gis k\u00fcl\u00f6nleges pillanat r\u00e9sze lesz.<\/p><p class=\"p1\">Itt a tea nem siet\u0151s \u00e9s nem is form\u00e1lis \u2014 egyszer\u0171en csak megosztjuk egym\u00e1ssal.<\/p><p class=\"p1\">Ak\u00e1r bar\u00e1tokkal \u00e9rkezel, egy randira, vagy csak egy kis nyugalmat keresel, az Okuma egy olyan t\u00e9r, ahol kiszakadhatsz a v\u00e1ros ritmus\u00e1b\u00f3l, \u00e9s megtapasztalhatsz egy lassabb temp\u00f3t.<\/p><p class=\"p3\"><b>H\u00e9tv\u00e9g\u00e9n tartunk nyitva, el\u0151zetes foglal\u00e1ssal.<\/b><\/p>\t\t\t\t\t\t\t\t<\/div>\n\t\t\t\t\t<\/div>\n\t\t<\/div>\n\t\t\t\t\t<\/div>\n\t\t<\/section>\n\t\t\t\t<section class=\"elementor-section elementor-top-section elementor-element elementor-element-4183b60 elementor-section-boxed elementor-section-height-default elementor-section-height-default\" data-id=\"4183b60\" data-element_type=\"section\">\n\t\t\t\t\t\t<div class=\"elementor-container elementor-column-gap-default\">\n\t\t\t\t\t<div class=\"elementor-column elementor-col-50 elementor-top-column elementor-element elementor-element-e18bbd0\" data-id=\"e18bbd0\" data-element_type=\"column\">\n\t\t\t<div class=\"elementor-widget-wrap elementor-element-populated\">\n\t\t\t\t\t\t<div class=\"elementor-element elementor-element-bd2b70a elementor-widget elementor-widget-image\" data-id=\"bd2b70a\" data-element_type=\"widget\" data-widget_type=\"image.default\">\n\t\t\t\t\t\t\t\t\t\t\t\t\t\t\t<img fetchpriority=\"high\" decoding=\"async\" width=\"768\" height=\"1024\" src=\"https:\/\/okuma.space\/wp-content\/uploads\/2025\/10\/IMG_3887-2-768x1024.webp\" class=\"attachment-large size-large wp-image-113\" alt=\"\" srcset=\"https:\/\/okuma.space\/wp-content\/uploads\/2025\/10\/IMG_3887-2-768x1024.webp 768w, https:\/\/okuma.space\/wp-content\/uploads\/2025\/10\/IMG_3887-2-600x800.webp 600w, https:\/\/okuma.space\/wp-content\/uploads\/2025\/10\/IMG_3887-2-225x300.webp 225w, https:\/\/okuma.space\/wp-content\/uploads\/2025\/10\/IMG_3887-2.webp 1125w\" sizes=\"(max-width: 768px) 100vw, 768px\" \/>\t\t\t\t\t\t\t\t\t\t\t\t\t\t\t<\/div>\n\t\t\t\t\t<\/div>\n\t\t<\/div>\n\t\t\t\t<div class=\"elementor-column elementor-col-50 elementor-top-column elementor-element elementor-element-2a1936f\" data-id=\"2a1936f\" data-element_type=\"column\">\n\t\t\t<div class=\"elementor-widget-wrap elementor-element-populated\">\n\t\t\t\t\t\t<div class=\"elementor-element elementor-element-c7d06d5 elementor-widget elementor-widget-image\" data-id=\"c7d06d5\" data-element_type=\"widget\" data-widget_type=\"image.default\">\n\t\t\t\t\t\t\t\t\t\t\t\t\t\t\t<img decoding=\"async\" width=\"768\" height=\"1024\" src=\"https:\/\/okuma.space\/wp-content\/uploads\/2026\/02\/att.joaoOjcJYkH_oRqHUH59a1z6UsmKirTlg92favbIXHo-768x1024.webp\" class=\"attachment-large size-large wp-image-2079\" alt=\"teahom Budapest\" srcset=\"https:\/\/okuma.space\/wp-content\/uploads\/2026\/02\/att.joaoOjcJYkH_oRqHUH59a1z6UsmKirTlg92favbIXHo-768x1024.webp 768w, https:\/\/okuma.space\/wp-content\/uploads\/2026\/02\/att.joaoOjcJYkH_oRqHUH59a1z6UsmKirTlg92favbIXHo-225x300.webp 225w, https:\/\/okuma.space\/wp-content\/uploads\/2026\/02\/att.joaoOjcJYkH_oRqHUH59a1z6UsmKirTlg92favbIXHo-9x12.webp 9w, https:\/\/okuma.space\/wp-content\/uploads\/2026\/02\/att.joaoOjcJYkH_oRqHUH59a1z6UsmKirTlg92favbIXHo-600x800.webp 600w, https:\/\/okuma.space\/wp-content\/uploads\/2026\/02\/att.joaoOjcJYkH_oRqHUH59a1z6UsmKirTlg92favbIXHo.webp 800w\" sizes=\"(max-width: 768px) 100vw, 768px\" \/>\t\t\t\t\t\t\t\t\t\t\t\t\t\t\t<\/div>\n\t\t\t\t\t<\/div>\n\t\t<\/div>\n\t\t\t\t\t<\/div>\n\t\t<\/section>\n\t\t\t\t<\/div>","protected":false},"excerpt":{"rendered":"<p>About Okuma Okuma is a quiet tea lounge in Budapest \u2014 a place created for slowing down, sharing tea, and enjoying unhurried moments. The name Okuma comes from two Japanese [&hellip;]<\/p>","protected":false},"author":2,"featured_media":0,"parent":0,"menu_order":0,"comment_status":"closed","ping_status":"closed","template":"elementor_header_footer","meta":{"_price":"","_stock":"","_tribe_ticket_header":"","_tribe_default_ticket_provider":"","_ticket_start_date":"","_ticket_end_date":"","_tribe_ticket_show_description":"","_tribe_ticket_show_not_going":false,"_tribe_ticket_use_global_stock":"","_tribe_ticket_global_stock_level":"","_global_stock_mode":"","_global_stock_cap":"","_tribe_rsvp_for_event":"","_tribe_ticket_going_count":"","_tribe_ticket_not_going_count":"","_tribe_tickets_list":"[]","_tribe_ticket_has_attendee_info_fields":false,"footnotes":"","_tec_slr_enabled":"","_tec_slr_layout":"","_links_to":"","_links_to_target":""},"class_list":["post-150","page","type-page","status-publish","hentry"],"jetpack_sharing_enabled":true,"ticketed":false,"_links":{"self":[{"href":"https:\/\/okuma.space\/hu\/wp-json\/wp\/v2\/pages\/150","targetHints":{"allow":["GET"]}}],"collection":[{"href":"https:\/\/okuma.space\/hu\/wp-json\/wp\/v2\/pages"}],"about":[{"href":"https:\/\/okuma.space\/hu\/wp-json\/wp\/v2\/types\/page"}],"author":[{"embeddable":true,"href":"https:\/\/okuma.space\/hu\/wp-json\/wp\/v2\/users\/2"}],"replies":[{"embeddable":true,"href":"https:\/\/okuma.space\/hu\/wp-json\/wp\/v2\/comments?post=150"}],"version-history":[{"count":9,"href":"https:\/\/okuma.space\/hu\/wp-json\/wp\/v2\/pages\/150\/revisions"}],"predecessor-version":[{"id":2256,"href":"https:\/\/okuma.space\/hu\/wp-json\/wp\/v2\/pages\/150\/revisions\/2256"}],"wp:attachment":[{"href":"https:\/\/okuma.space\/hu\/wp-json\/wp\/v2\/media?parent=150"}],"curies":[{"name":"wp","href":"https:\/\/api.w.org\/{rel}","templated":true}]}}