{"id":1496,"date":"2026-01-04T12:07:15","date_gmt":"2026-01-04T11:07:15","guid":{"rendered":"https:\/\/srv1262429.hstgr.cloud\/?page_id=1496"},"modified":"2026-04-03T21:30:06","modified_gmt":"2026-04-03T19:30:06","slug":"terms-conditions","status":"publish","type":"page","link":"https:\/\/okuma.space\/hu\/terms-conditions\/","title":{"rendered":"Terms &#038; Conditions"},"content":{"rendered":"<div data-elementor-type=\"wp-page\" data-elementor-id=\"1496\" class=\"elementor elementor-1496\" data-elementor-post-type=\"page\">\n\t\t\t\t\t\t<section class=\"elementor-section elementor-top-section elementor-element elementor-element-cefdd7f elementor-section-boxed elementor-section-height-default elementor-section-height-default\" data-id=\"cefdd7f\" data-element_type=\"section\">\n\t\t\t\t\t\t<div class=\"elementor-container elementor-column-gap-default\">\n\t\t\t\t\t<div class=\"elementor-column elementor-col-100 elementor-top-column elementor-element elementor-element-5f29b9e\" data-id=\"5f29b9e\" data-element_type=\"column\">\n\t\t\t<div class=\"elementor-widget-wrap\">\n\t\t\t\t\t\t\t<\/div>\n\t\t<\/div>\n\t\t\t\t\t<\/div>\n\t\t<\/section>\n\t\t\t\t<section class=\"elementor-section elementor-top-section elementor-element elementor-element-fb67ad5 elementor-section-boxed elementor-section-height-default elementor-section-height-default\" data-id=\"fb67ad5\" data-element_type=\"section\">\n\t\t\t\t\t\t<div class=\"elementor-container elementor-column-gap-default\">\n\t\t\t\t\t<div class=\"elementor-column elementor-col-100 elementor-top-column elementor-element elementor-element-bb64f94\" data-id=\"bb64f94\" data-element_type=\"column\">\n\t\t\t<div class=\"elementor-widget-wrap elementor-element-populated\">\n\t\t\t\t\t\t<div class=\"elementor-element elementor-element-0d1fb74 elementor-widget elementor-widget-text-editor\" data-id=\"0d1fb74\" data-element_type=\"widget\" data-no-translation=\"\" data-widget_type=\"text-editor.default\">\n\t\t\t\t\t<style>.elementor-element-0d1fb74{display:none !important}<\/style>\t\t\t\t<\/div>\n\t\t\t\t<div class=\"elementor-element elementor-element-b2ef6d2 elementor-widget elementor-widget-text-editor\" data-id=\"b2ef6d2\" data-element_type=\"widget\" data-no-translation=\"\" data-widget_type=\"text-editor.default\">\n\t\t\t\t\t\t\t\t\t<p class=\"p1\">\u00a0<\/p><h1><b>\u00c1ltal\u00e1nos Szerz\u0151d\u00e9si Felt\u00e9telek<\/b><\/h1><p>\u00a0<\/p><p class=\"p3\"><i>Hat\u00e1lyos: 2026. janu\u00e1r<\/i><\/p><p class=\"p3\">Jelen \u00c1ltal\u00e1nos Szerz\u0151d\u00e9si Felt\u00e9telek a <span class=\"s2\"><b>TeaHom<\/b><\/span> weboldal\u00e1n t\u00f6rt\u00e9n\u0151 minden foglal\u00e1sra, jegyv\u00e1s\u00e1rl\u00e1sra \u00e9s l\u00e1togat\u00e1sra vonatkoznak.<\/p><p class=\"p1\">\u00a0<\/p><hr \/><p>\u00a0<\/p><p class=\"p1\">\u00a0<\/p><h2><b>1. \u00c1ltal\u00e1nos inform\u00e1ci\u00f3k<\/b><\/h2><p>\u00a0<\/p><p class=\"p3\">A TeaHom \u00fczemeltet\u0151je:<\/p><p class=\"p4\"><b>Teander Kft<\/b><\/p><p class=\"p3\">Sz\u00e9khely:<\/p><p class=\"p4\"><b>1037 Budapest, Kocsis S\u00e1ndor \u00fat 8.<\/b><\/p><p class=\"p3\">Ad\u00f3sz\u00e1m: <span class=\"s2\"><b>32450260<\/b><\/span><\/p><p class=\"p4\"><span class=\"s3\">EORI-sz\u00e1m: <\/span><b>HU0180009260<\/b><\/p><p class=\"p3\">A weboldalon t\u00f6rt\u00e9n\u0151 jegyv\u00e1s\u00e1rl\u00e1ssal vagy foglal\u00e1ssal \u00d6n elfogadja jelen \u00c1ltal\u00e1nos Szerz\u0151d\u00e9si Felt\u00e9teleket.<\/p><p class=\"p1\">\u00a0<\/p><hr \/><p>\u00a0<\/p><p class=\"p1\">\u00a0<\/p><h2><b>2. Jegyek \u00e9s foglal\u00e1sok<\/b><\/h2><p>\u00a0<\/p><p class=\"p1\">\u00a0<\/p><ul><li><p class=\"p1\">A TeaHom esem\u00e9nyeire \u00e9s id\u0151pontjaira sz\u00f3l\u00f3 jegyek a weboldalon kereszt\u00fcl v\u00e1s\u00e1rolhat\u00f3k meg.<\/p><\/li><li><p class=\"p1\">Az online fizet\u00e9sek biztons\u00e1gosan, a <span class=\"s1\"><b>Stripe<\/b><\/span> rendszer\u00e9n kereszt\u00fcl ker\u00fclnek feldolgoz\u00e1sra.<\/p><\/li><li><p class=\"p1\">Minden foglal\u00e1s a rendelkez\u00e9sre \u00e1ll\u00f3 kapacit\u00e1s f\u00fcggv\u00e9nye.<\/p><\/li><li><p class=\"p1\">A jegyek kiz\u00e1r\u00f3lag a v\u00e1s\u00e1rl\u00e1skor megjel\u00f6lt d\u00e1tumra \u00e9s id\u0151pontra \u00e9rv\u00e9nyesek.<\/p><\/li><li><p class=\"p1\">A TeaHom fenntartja a jogot a bel\u00e9p\u00e9s megtagad\u00e1s\u00e1ra, amennyiben a maxim\u00e1lis kapacit\u00e1s betelt, vagy a h\u00e1zirend nem ker\u00fcl betart\u00e1sra.<\/p><\/li><\/ul><p>\u00a0<\/p><p class=\"p1\">\u00a0<\/p><hr \/><p>\u00a0<\/p><p class=\"p1\">\u00a0<\/p><h2><b>3. Fizet\u00e9s<\/b><\/h2><p>\u00a0<\/p><p class=\"p1\">\u00a0<\/p><ul><li><p class=\"p1\">Az online fizet\u00e9sek a Stripe szolg\u00e1ltat\u00e1son kereszt\u00fcl t\u00f6rt\u00e9nnek.<\/p><\/li><li><p class=\"p1\">Egyes esetekben a helysz\u00ednen is lehet\u0151s\u00e9g van bankk\u00e1rty\u00e1s vagy k\u00e9szp\u00e9nzes fizet\u00e9sre, amennyiben ez a foglal\u00e1s sor\u00e1n jelezve van.<\/p><\/li><li><p class=\"p1\">Az \u00e1rak forintban (HUF) \u00e9rtend\u0151k, \u00e9s tartalmazz\u00e1k az esetleges ad\u00f3kat, kiv\u00e9ve, ha m\u00e1sk\u00e9nt van felt\u00fcntetve.<\/p><\/li><\/ul><p>\u00a0<\/p><p class=\"p1\">\u00a0<\/p><hr \/><p>\u00a0<\/p><p class=\"p1\">\u00a0<\/p><h2><b>4. Lemond\u00e1s \u00e9s visszat\u00e9r\u00edt\u00e9s<\/b><\/h2><p>\u00a0<\/p><p class=\"p1\">\u00a0<\/p><ul><li><p class=\"p1\">A jegyek alap\u00e9rtelmezetten <span class=\"s1\"><b>nem visszat\u00e9r\u00edthet\u0151k<\/b><\/span>, kiv\u00e9ve, ha az adott esem\u00e9nyn\u00e9l ett\u0151l elt\u00e9r\u0151en van felt\u00fcntetve.<\/p><\/li><li><p class=\"p1\">Amennyiben nem tud r\u00e9szt venni a foglal\u00e1son, k\u00e9rj\u00fck, a lehet\u0151 leghamarabb vegye fel vel\u00fcnk a kapcsolatot a <span class=\"s1\"><b>hello@okuma.space<\/b><\/span> c\u00edmen.<\/p><\/li><li><p class=\"p1\">A TeaHom \u00e1ltal kezdem\u00e9nyezett esem\u00e9nyelmarad\u00e1s vagy jelent\u0151s m\u00f3dos\u00edt\u00e1s eset\u00e9n a jegyv\u00e1s\u00e1rl\u00f3k \u00e9rtes\u00edt\u00e9st kapnak, \u00e9s visszat\u00e9r\u00edt\u00e9sre vagy \u00e1tfoglal\u00e1sra jogosultak.<\/p><\/li><\/ul><p>\u00a0<\/p><p class=\"p1\">\u00a0<\/p><hr \/><p>\u00a0<\/p><p class=\"p1\">\u00a0<\/p><h2><b>5. H\u00e1zirend \u00e9s magatart\u00e1s<\/b><\/h2><p>\u00a0<\/p><p class=\"p3\">A TeaHom egy csendes, megosztott t\u00e9r, amely a jelenl\u00e9tre \u00e9s a kapcsol\u00f3d\u00e1sra \u00e9p\u00fcl.<\/p><p class=\"p3\">A l\u00e1togat\u00f3k v\u00e1llalj\u00e1k, hogy:<\/p><p class=\"p1\">\u00a0<\/p><ul><li><p class=\"p1\">tiszteletben tartj\u00e1k a nyugodt l\u00e9gk\u00f6rt \u00e9s a t\u00f6bbi vend\u00e9get,<\/p><\/li><li><p class=\"p1\">figyelmesen \u00e9s halkan haszn\u00e1lj\u00e1k a teret,<\/p><\/li><li><p class=\"p1\">tart\u00f3zkodnak a zavar\u00f3 telefonh\u00edv\u00e1sokt\u00f3l \u00e9s hosszabb vide\u00f3besz\u00e9lget\u00e9sekt\u0151l,<\/p><\/li><li><p class=\"p1\">k\u00f6vetik a TeaHom h\u00e1zigazd\u00e1inak \u00fatmutat\u00e1sait.<\/p><\/li><\/ul><p>\u00a0<\/p><p class=\"p3\">A TeaHom fenntartja a jogot arra, hogy a h\u00e1zirendet megszeg\u0151 vend\u00e9geket megk\u00e9rje a t\u00e1voz\u00e1sra.<\/p><p class=\"p1\">\u00a0<\/p><hr \/><p>\u00a0<\/p><p class=\"p1\">\u00a0<\/p><h2><b>6. Felel\u0151ss\u00e9g<\/b><\/h2><p>\u00a0<\/p><p class=\"p1\">\u00a0<\/p><ul><li><p class=\"p1\">A TeaHom l\u00e1togat\u00e1sa mindenki sz\u00e1m\u00e1ra saj\u00e1t felel\u0151ss\u00e9gre t\u00f6rt\u00e9nik.<\/p><\/li><li><p class=\"p1\">A TeaHom \u00e9s a Teander Kft nem v\u00e1llal felel\u0151ss\u00e9get az elveszett, ellopott vagy megrong\u00e1l\u00f3dott szem\u00e9lyes t\u00e1rgyak\u00e9rt.<\/p><\/li><li><p class=\"p1\">A teacerem\u00f3ni\u00e1kon \u00e9s k\u00f3stol\u00f3kon val\u00f3 r\u00e9szv\u00e9tel \u00f6nk\u00e9ntes.<\/p><\/li><\/ul><p>\u00a0<\/p><p class=\"p1\">\u00a0<\/p><hr \/><p>\u00a0<\/p><p class=\"p1\">\u00a0<\/p><h2><b>7. Adatkezel\u00e9s<\/b><\/h2><p>\u00a0<\/p><p class=\"p1\">\u00a0<\/p><ul><li><p class=\"p1\">A foglal\u00e1s sor\u00e1n megadott szem\u00e9lyes adatokat kiz\u00e1r\u00f3lag a foglal\u00e1sok kezel\u00e9se, kapcsolattart\u00e1s \u00e9s jogszab\u00e1lyi k\u00f6telezetts\u00e9gek teljes\u00edt\u00e9se c\u00e9lj\u00e1b\u00f3l haszn\u00e1ljuk.<\/p><\/li><li><p class=\"p1\">A bankk\u00e1rty\u00e1s adatokat a Stripe kezeli; a TeaHom nem t\u00e1rol bankk\u00e1rtya-inform\u00e1ci\u00f3kat.<\/p><\/li><li><p class=\"p1\">Tov\u00e1bbi r\u00e9szletek az Adatkezel\u00e9si T\u00e1j\u00e9koztat\u00f3ban tal\u00e1lhat\u00f3k.<\/p><\/li><\/ul><p>\u00a0<\/p><p class=\"p1\">\u00a0<\/p><hr \/><p>\u00a0<\/p><p class=\"p1\">\u00a0<\/p><h2><b>8. A felt\u00e9telek m\u00f3dos\u00edt\u00e1sa<\/b><\/h2><p>\u00a0<\/p><p class=\"p3\">A TeaHom fenntartja a jogot jelen \u00c1ltal\u00e1nos Szerz\u0151d\u00e9si Felt\u00e9telek m\u00f3dos\u00edt\u00e1s\u00e1ra.<\/p><p class=\"p3\">A foglal\u00e1s id\u0151pontj\u00e1ban \u00e9rv\u00e9nyes verzi\u00f3 az ir\u00e1nyad\u00f3.<\/p><p class=\"p1\">\u00a0<\/p><hr \/><p>\u00a0<\/p><p class=\"p1\">\u00a0<\/p><h2><b>9. Kapcsolat<\/b><\/h2><p>\u00a0<\/p><p class=\"p3\">Amennyiben k\u00e9rd\u00e9se mer\u00fcl fel az \u00c1ltal\u00e1nos Szerz\u0151d\u00e9si Felt\u00e9telekkel kapcsolatban, k\u00e9rj\u00fck, l\u00e9pjen kapcsolatba vel\u00fcnk:<\/p><p class=\"p4\"><span class=\"s3\">\ud83d\udce7 <\/span><b>hello@okuma.space<\/b><\/p>\t\t\t\t\t\t\t\t<\/div>\n\t\t\t\t\t<\/div>\n\t\t<\/div>\n\t\t\t\t\t<\/div>\n\t\t<\/section>\n\t\t\t\t<\/div>","protected":false},"excerpt":{"rendered":"<p>Terms &amp; Conditions Last updated: January 2026 These Terms &amp; Conditions apply to all bookings, ticket purchases, and visits to Okuma. 1. General Information Okuma is operated by: Teander Kft [&hellip;]<\/p>","protected":false},"author":2,"featured_media":0,"parent":0,"menu_order":0,"comment_status":"closed","ping_status":"closed","template":"","meta":{"_price":"","_stock":"","_tribe_ticket_header":"","_tribe_default_ticket_provider":"","_ticket_start_date":"","_ticket_end_date":"","_tribe_ticket_show_description":"","_tribe_ticket_show_not_going":false,"_tribe_ticket_use_global_stock":"","_tribe_ticket_global_stock_level":"","_global_stock_mode":"","_global_stock_cap":"","_tribe_rsvp_for_event":"","_tribe_ticket_going_count":"","_tribe_ticket_not_going_count":"","_tribe_tickets_list":"[]","_tribe_ticket_has_attendee_info_fields":false,"footnotes":"","_tec_slr_enabled":"","_tec_slr_layout":"","_links_to":"","_links_to_target":""},"class_list":["post-1496","page","type-page","status-publish","hentry"],"jetpack_sharing_enabled":true,"ticketed":false,"_links":{"self":[{"href":"https:\/\/okuma.space\/hu\/wp-json\/wp\/v2\/pages\/1496","targetHints":{"allow":["GET"]}}],"collection":[{"href":"https:\/\/okuma.space\/hu\/wp-json\/wp\/v2\/pages"}],"about":[{"href":"https:\/\/okuma.space\/hu\/wp-json\/wp\/v2\/types\/page"}],"author":[{"embeddable":true,"href":"https:\/\/okuma.space\/hu\/wp-json\/wp\/v2\/users\/2"}],"replies":[{"embeddable":true,"href":"https:\/\/okuma.space\/hu\/wp-json\/wp\/v2\/comments?post=1496"}],"version-history":[{"count":3,"href":"https:\/\/okuma.space\/hu\/wp-json\/wp\/v2\/pages\/1496\/revisions"}],"predecessor-version":[{"id":2643,"href":"https:\/\/okuma.space\/hu\/wp-json\/wp\/v2\/pages\/1496\/revisions\/2643"}],"wp:attachment":[{"href":"https:\/\/okuma.space\/hu\/wp-json\/wp\/v2\/media?parent=1496"}],"curies":[{"name":"wp","href":"https:\/\/api.w.org\/{rel}","templated":true}]}}